{"id":120,"date":"2014-10-22T14:34:12","date_gmt":"2014-10-22T19:34:12","guid":{"rendered":"http:\/\/solutionsintrasoft.com\/Wordpress\/?page_id=120"},"modified":"2018-02-12T13:53:14","modified_gmt":"2018-02-12T18:53:14","slug":"telechargements","status":"publish","type":"page","link":"https:\/\/solutionsintrasoft.com\/?page_id=120","title":{"rendered":"T\u00e9l\u00e9chargements"},"content":{"rendered":"<p>&nbsp;<\/p>\n<table style=\"width: 80%;\">\n<tbody>\n<tr>\n<th>\n<div align=\"center\">Plateforme<\/div>\n<\/th>\n<th>\n<div align=\"center\">T\u00e9l\u00e9chargement<\/div>\n<\/th>\n<th>\n<div align=\"center\">Version(s)<\/div>\n<\/th>\n<th>\n<div align=\"center\">Derni\u00e8re modification<\/div>\n<\/th>\n<\/tr>\n<tr>\n<td>\n<div align=\"center\"><img decoding=\"async\" src=\"http:\/\/solutionsintrasoft.com\/Visual\/logo_mswindows_s.gif\" \/><\/div>\n<\/td>\n<td>\n<div align=\"center\"><a href=\"http:\/\/securemail3.intrasoft.net\/obmdownloads\/obm-win-jvm14x32-intrasoft.exe\">obm-win-jvm14x32-intrasoft.exe<\/a><\/div>\n<\/td>\n<td>\n<div align=\"center\">Windows 95\/98\/ME\/NT<\/div>\n<\/td>\n<td>\n<div align=\"center\">21-01-2008 21:42:00<\/div>\n<\/td>\n<\/tr>\n<tr>\n<td>\n<div align=\"center\"><img decoding=\"async\" src=\"http:\/\/solutionsintrasoft.com\/Visual\/logo_mswindows-vista_s.gif\" \/><\/div>\n<\/td>\n<td>\n<div align=\"center\"><a href=\"http:\/\/securemail3.intrasoft.net\/obmdownloads\/2122018\/obm-win.exe\">obm-win_6.29.exe<\/a><\/div>\n<\/td>\n<td>\n<div align=\"center\">Windows 2000\/XP\/2003\/Vista\/2008\/7\/8\/10 32\/64 bits<\/div>\n<\/td>\n<td>\n<div align=\"center\">02-12-2018 12:00:00<\/div>\n<\/td>\n<\/tr>\n<tr>\n<td>\n<div align=\"center\"><img decoding=\"async\" src=\"http:\/\/solutionsintrasoft.com\/Visual\/logo_mac_s.gif\" \/><\/div>\n<\/td>\n<td>\n<div align=\"center\"><a href=\"http:\/\/securemail3.intrasoft.net\/obmdownloads\/2122018\/obm-mac.zip\">obm-mac_6.29.zip<\/a><\/div>\n<\/td>\n<td>\n<div align=\"center\">MAC OS X v10.2 ou ult\u00e9rieur<\/div>\n<\/td>\n<td>\n<div align=\"center\">02-12-2018 12:00:00<\/div>\n<\/td>\n<\/tr>\n<tr>\n<td>\n<div align=\"center\"><img decoding=\"async\" src=\"http:\/\/solutionsintrasoft.com\/Visual\/logo_netware_s.gif\" \/><\/div>\n<\/td>\n<td>\n<div align=\"center\"><a href=\"http:\/\/securemail3.intrasoft.net\/obmdownloads\/obm-netware-intrasoft.zip\">obm-netware-intrasoft.zip<\/a><\/div>\n<\/td>\n<td>\n<div align=\"center\">Novell Netware 5.1 ou ult\u00e9rieur<\/div>\n<\/td>\n<td>\n<div align=\"center\">02-12-2018 12:00:00<\/div>\n<\/td>\n<\/tr>\n<tr>\n<td>\n<div align=\"center\"><img decoding=\"async\" src=\"http:\/\/solutionsintrasoft.com\/Visual\/logo_unix_linux_s.gif\" \/><\/div>\n<\/td>\n<td>\n<div align=\"center\"><a href=\"http:\/\/securemail3.intrasoft.net\/obmdownloads\/2122018\/obm-nix.tar.gz\">obm-nix.tar_6.29.gz<\/a><\/div>\n<\/td>\n<td>\n<div align=\"center\">Sun Solaris, AIX, HP-UX, FreeBSD &amp; Redhat Linux 6.0 ou ult\u00e9rieur<\/div>\n<\/td>\n<td>\n<div align=\"center\">02-12-2018 12:00:00<\/div>\n<\/td>\n<\/tr>\n<\/tbody>\n<\/table>\n<p>&nbsp;<\/p>\n<p>&nbsp;<\/p>\n","protected":false},"excerpt":{"rendered":"<p>&nbsp; Plateforme T\u00e9l\u00e9chargement Version(s) Derni\u00e8re modification obm-win-jvm14x32-intrasoft.exe Windows 95\/98\/ME\/NT 21-01-2008 21:42:00 obm-win_6.29.exe Windows 2000\/XP\/2003\/Vista\/2008\/7\/8\/10 32\/64 bits 02-12-2018 12:00:00 obm-mac_6.29.zip MAC OS X v10.2 ou ult\u00e9rieur 02-12-2018 12:00:00 obm-netware-intrasoft.zip Novell Netware 5.1 ou ult\u00e9rieur 02-12-2018 12:00:00 obm-nix.tar_6.29.gz Sun Solaris, AIX, HP-UX, FreeBSD &amp; Redhat Linux 6.0 ou ult\u00e9rieur 02-12-2018 12:00:00 &nbsp;\u2026<\/p>\n<p> <a class=\"continue-reading-link\" href=\"https:\/\/solutionsintrasoft.com\/?page_id=120\"><span>Continue reading<\/span><i class=\"crycon-right-dir\"><\/i><\/a> <\/p>\n","protected":false},"author":1,"featured_media":0,"parent":0,"menu_order":0,"comment_status":"closed","ping_status":"open","template":"","meta":{"footnotes":""},"class_list":["post-120","page","type-page","status-publish","hentry"],"_links":{"self":[{"href":"https:\/\/solutionsintrasoft.com\/index.php?rest_route=\/wp\/v2\/pages\/120","targetHints":{"allow":["GET"]}}],"collection":[{"href":"https:\/\/solutionsintrasoft.com\/index.php?rest_route=\/wp\/v2\/pages"}],"about":[{"href":"https:\/\/solutionsintrasoft.com\/index.php?rest_route=\/wp\/v2\/types\/page"}],"author":[{"embeddable":true,"href":"https:\/\/solutionsintrasoft.com\/index.php?rest_route=\/wp\/v2\/users\/1"}],"replies":[{"embeddable":true,"href":"https:\/\/solutionsintrasoft.com\/index.php?rest_route=%2Fwp%2Fv2%2Fcomments&post=120"}],"version-history":[{"count":30,"href":"https:\/\/solutionsintrasoft.com\/index.php?rest_route=\/wp\/v2\/pages\/120\/revisions"}],"predecessor-version":[{"id":208,"href":"https:\/\/solutionsintrasoft.com\/index.php?rest_route=\/wp\/v2\/pages\/120\/revisions\/208"}],"wp:attachment":[{"href":"https:\/\/solutionsintrasoft.com\/index.php?rest_route=%2Fwp%2Fv2%2Fmedia&parent=120"}],"curies":[{"name":"wp","href":"https:\/\/api.w.org\/{rel}","templated":true}]}}