{"id":14,"date":"2014-10-17T10:49:25","date_gmt":"2014-10-17T15:49:25","guid":{"rendered":"http:\/\/solutionsintrasoft.com\/Wordpress\/?page_id=14"},"modified":"2014-10-22T15:45:33","modified_gmt":"2014-10-22T20:45:33","slug":"nous-joindre","status":"publish","type":"page","link":"https:\/\/solutionsintrasoft.com\/?page_id=14","title":{"rendered":"Nous joindre"},"content":{"rendered":"<p>\u2666 Solutions Intrasoft<\/p>\n<p>900 Delacroix, Repentigny,<br \/>\nQuebec J5Y 3T6, Canada<br \/>\nT\u00e9l\u00e9phone : (450) 581-2297<br \/>\nFax : (450) 581-3815<\/p>\n<p>Si vous avez besoin d&rsquo;aide, ou avez tout simplement des questions, n&rsquo;h\u00e9sitez pas \u00e0 nous contacter \u00e0 l&rsquo;aide de notre <a href=\"http:\/\/solutionsintrasoft.com\/?page_id=48\">formulaire en ligne<\/a>.<\/p>\n","protected":false},"excerpt":{"rendered":"<p>\u2666 Solutions Intrasoft 900 Delacroix, Repentigny, Quebec J5Y 3T6, Canada T\u00e9l\u00e9phone : (450) 581-2297 Fax : (450) 581-3815 Si vous avez besoin d&rsquo;aide, ou avez tout simplement des questions, n&rsquo;h\u00e9sitez pas \u00e0 nous contacter \u00e0 l&rsquo;aide de notre formulaire en ligne.<\/p>\n<p> <a class=\"continue-reading-link\" href=\"https:\/\/solutionsintrasoft.com\/?page_id=14\"><span>Continue reading<\/span><i class=\"crycon-right-dir\"><\/i><\/a> <\/p>\n","protected":false},"author":1,"featured_media":0,"parent":0,"menu_order":0,"comment_status":"closed","ping_status":"open","template":"","meta":{"footnotes":""},"class_list":["post-14","page","type-page","status-publish","hentry"],"_links":{"self":[{"href":"https:\/\/solutionsintrasoft.com\/index.php?rest_route=\/wp\/v2\/pages\/14","targetHints":{"allow":["GET"]}}],"collection":[{"href":"https:\/\/solutionsintrasoft.com\/index.php?rest_route=\/wp\/v2\/pages"}],"about":[{"href":"https:\/\/solutionsintrasoft.com\/index.php?rest_route=\/wp\/v2\/types\/page"}],"author":[{"embeddable":true,"href":"https:\/\/solutionsintrasoft.com\/index.php?rest_route=\/wp\/v2\/users\/1"}],"replies":[{"embeddable":true,"href":"https:\/\/solutionsintrasoft.com\/index.php?rest_route=%2Fwp%2Fv2%2Fcomments&post=14"}],"version-history":[{"count":4,"href":"https:\/\/solutionsintrasoft.com\/index.php?rest_route=\/wp\/v2\/pages\/14\/revisions"}],"predecessor-version":[{"id":159,"href":"https:\/\/solutionsintrasoft.com\/index.php?rest_route=\/wp\/v2\/pages\/14\/revisions\/159"}],"wp:attachment":[{"href":"https:\/\/solutionsintrasoft.com\/index.php?rest_route=%2Fwp%2Fv2%2Fmedia&parent=14"}],"curies":[{"name":"wp","href":"https:\/\/api.w.org\/{rel}","templated":true}]}}