{"id":28,"date":"2014-10-17T14:16:59","date_gmt":"2014-10-17T19:16:59","guid":{"rendered":"http:\/\/solutionsintrasoft.com\/Wordpress\/?page_id=28"},"modified":"2014-10-17T15:24:20","modified_gmt":"2014-10-17T20:24:20","slug":"surveillance-reseau","status":"publish","type":"page","link":"https:\/\/solutionsintrasoft.com\/?page_id=28","title":{"rendered":"Surveillance r\u00e9seau"},"content":{"rendered":"<p>La majorit\u00e9 des gestionnaires TI ou les propri\u00e9taires d&rsquo;entreprises aimeraient bien conna\u00eetre la disponibilit\u00e9 de leurs \u00e9quipements, postes et serveurs principaux. Comment savoir avant que les gens de son \u00e9quipe perdent temps et argent \u00e0 d\u00e9terminer o\u00f9 se trouve le probl\u00e8me r\u00e9el. Et bien gr\u00e2ce au service de surveillance r\u00e9seau de Solutions IntraSoft, vous pourrez conna\u00eetre l&rsquo;\u00e9tat de votre r\u00e9seau sans lever le petit doigt.<\/p>\n<p>Depuis les 10 derni\u00e8res ann\u00e9es, IntraSoft Solutions a d\u00e9ploy\u00e9 des solutions de surveillance bas\u00e9es sur <a href=\"http:\/\/www.whatsupgold.com\/\">What&rsquo;s Up Gold de Ipswitch <\/a>\u00e0 des centaines de moyennes et grandes entreprises.<\/p>\n<p><b><strong>Nous pouvons superviser:<\/strong><\/b><\/p>\n<p>\u2666 Services ou applications sur des serveurs de tout genre<\/p>\n<p>\u2666 Disponibilit\u00e9 des \u00e9quipements r\u00e9seaux: commutateurs, routeurs et acc\u00e8s internet.<\/p>\n<p>\u2666 Espaces disques, taux d&rsquo;utilisation ou toute variable SNMP accessible sur serveurs,<\/p>\n<p>postes informatiques ou \u00e9quipements r\u00e9seaux.<\/p>\n<p>\u2666 R\u00e9ception d&rsquo;alertes Syslog ou Trappes SNMP<\/p>\n<p>\u2666 Collecte des informations et erreurs apparaissant dans vos gestionnaires<\/p>\n<p>d&rsquo;\u00e9v\u00e9nements\u00a0Windows ( Windows Event Logs ).<\/p>\n<p>En fonction des r\u00e8gles de supervision, une alerte sera \u00e9mise \u00e0 vous ou votre responsable informatique afin qu&rsquo;une action corrective soit entreprise. Un rapport de disponibilit\u00e9 des \u00e9quipements\u00a0est accessible sur une page web priv\u00e9e <b><strong><i><em>en tout temps<\/em><\/i><\/strong><\/b>.<\/p>\n<p>Selon le\u00a0nombre de serveurs, \u00e9quipements et la quantit\u00e9 d&rsquo;information recherch\u00e9e, l&rsquo;\u00e9quipe de Solutions IntraSoft se fera un plaisir de vous proposer une solution selon vos besoins.<\/p>\n<p><b><strong><b><strong>Soyez\u00a0les\u00a0PREMIERS \u00e0 savoir !<\/strong><\/b><\/strong><\/b><\/p>\n<p><b><strong>Nos tarifs d\u00e9butent \u00e0 10$ par mois !<\/strong><\/b><\/p>\n<p>*La surveillance r\u00e9seau n\u00e9cessite un branchement internet permanent.<\/p>\n","protected":false},"excerpt":{"rendered":"<p>La majorit\u00e9 des gestionnaires TI ou les propri\u00e9taires d&rsquo;entreprises aimeraient bien conna\u00eetre la disponibilit\u00e9 de leurs \u00e9quipements, postes et serveurs principaux. Comment savoir avant que les gens de son \u00e9quipe perdent temps et argent \u00e0 d\u00e9terminer o\u00f9 se trouve le probl\u00e8me r\u00e9el. Et bien gr\u00e2ce au service de surveillance r\u00e9seau\u2026<\/p>\n<p> <a class=\"continue-reading-link\" href=\"https:\/\/solutionsintrasoft.com\/?page_id=28\"><span>Continue reading<\/span><i class=\"crycon-right-dir\"><\/i><\/a> <\/p>\n","protected":false},"author":1,"featured_media":0,"parent":41,"menu_order":0,"comment_status":"closed","ping_status":"open","template":"","meta":{"footnotes":""},"class_list":["post-28","page","type-page","status-publish","hentry"],"_links":{"self":[{"href":"https:\/\/solutionsintrasoft.com\/index.php?rest_route=\/wp\/v2\/pages\/28","targetHints":{"allow":["GET"]}}],"collection":[{"href":"https:\/\/solutionsintrasoft.com\/index.php?rest_route=\/wp\/v2\/pages"}],"about":[{"href":"https:\/\/solutionsintrasoft.com\/index.php?rest_route=\/wp\/v2\/types\/page"}],"author":[{"embeddable":true,"href":"https:\/\/solutionsintrasoft.com\/index.php?rest_route=\/wp\/v2\/users\/1"}],"replies":[{"embeddable":true,"href":"https:\/\/solutionsintrasoft.com\/index.php?rest_route=%2Fwp%2Fv2%2Fcomments&post=28"}],"version-history":[{"count":2,"href":"https:\/\/solutionsintrasoft.com\/index.php?rest_route=\/wp\/v2\/pages\/28\/revisions"}],"predecessor-version":[{"id":35,"href":"https:\/\/solutionsintrasoft.com\/index.php?rest_route=\/wp\/v2\/pages\/28\/revisions\/35"}],"up":[{"embeddable":true,"href":"https:\/\/solutionsintrasoft.com\/index.php?rest_route=\/wp\/v2\/pages\/41"}],"wp:attachment":[{"href":"https:\/\/solutionsintrasoft.com\/index.php?rest_route=%2Fwp%2Fv2%2Fmedia&parent=28"}],"curies":[{"name":"wp","href":"https:\/\/api.w.org\/{rel}","templated":true}]}}