{"id":36,"date":"2014-10-17T15:24:29","date_gmt":"2014-10-17T20:24:29","guid":{"rendered":"http:\/\/solutionsintrasoft.com\/Wordpress\/?page_id=36"},"modified":"2014-10-23T13:49:17","modified_gmt":"2014-10-23T18:49:17","slug":"filtrage-de-courriel","status":"publish","type":"page","link":"https:\/\/solutionsintrasoft.com\/?page_id=36","title":{"rendered":"Filtrage de courriel"},"content":{"rendered":"<p>IntraSoft offre un service tr\u00e8s sophistiqu\u00e9 permettant d&rsquo;\u00e9liminer plus de 95% des pourriels et des virus. En utilisant des syst\u00e8mes mis \u00e0 jour plusieurs fois par jour, IntraSoft a d\u00e9velopp\u00e9 une expertise sans \u00e9gal dans la gestion des pourriels. Les solutions utilis\u00e9es sont bas\u00e9es sur des technologies commerciales de r\u00e9putation mondiale.<\/p>\n<p>Vous d\u00e9sirez en savoir davantage, n&rsquo;h\u00e9sitez pas \u00e0 nous contacter, nous n&rsquo;avons aucun secret ! Faites l&rsquo;essai durant 30 jours et vous en serez convaincu.<br \/>\n<center><\/p>\n<table style=\"width:80%\">\n<tbody>\n<tr>\n<th>\n<div align=\"center\">Nb. courriels<\/div>\n<\/th>\n<th>\n<div align=\"center\">Antipourriel &#8211; Antivirus<\/div>\n<\/th>\n<th>\n<div align=\"center\">Antivirus<\/div>\n<\/th>\n<\/tr>\n<tr>\n<td>\n<div align=\"center\">&#8211;<\/div>\n<\/td>\n<td>\n<div align=\"center\">\/ mois par courriel<\/div>\n<\/td>\n<td>\n<div align=\"center\">\/ mois par courriel<\/div>\n<\/td>\n<\/tr>\n<tr>\n<td>\n<div align=\"center\">0-9<\/div>\n<\/td>\n<td>\n<div align=\"center\">3,10$<\/div>\n<\/td>\n<td>\n<div align=\"center\">2,25$<\/div>\n<\/td>\n<\/tr>\n<tr>\n<td>\n<div align=\"center\">10-49<\/div>\n<\/td>\n<td>\n<div align=\"center\">2,95$<\/div>\n<\/td>\n<td>\n<div align=\"center\">2,00$<\/div>\n<\/td>\n<\/tr>\n<tr>\n<td>\n<div align=\"center\">50-99<\/div>\n<\/td>\n<td>\n<div align=\"center\">2,64$<\/div>\n<\/td>\n<td>\n<div align=\"center\">1,85$<\/div>\n<\/td>\n<\/tr>\n<tr>\n<td>\n<div align=\"center\">100-250<\/div>\n<\/td>\n<td>\n<div align=\"center\">2,45$<\/div>\n<\/td>\n<td>\n<div align=\"center\">1,70$<\/div>\n<\/td>\n<\/tr>\n<tr>\n<td>\n<div align=\"center\">250+<\/div>\n<\/td>\n<td>\n<div align=\"center\">2,45$<\/div>\n<\/td>\n<td>\n<div align=\"center\">1,50$<\/div>\n<\/td>\n<\/tr>\n<\/tbody>\n<\/table>\n<p><\/center><\/p>\n<p>Sans contrat : 100$ pour Anti-spam \/ Anti-virus, 75$ Anti-virus<br \/>\nContrat de 1 an : 50$ pour Anti-spam \/ Anti-virus, 40$ Anti-virus<br \/>\nContrat de 2 ans : Sans frais<br \/>\n15 % de rabais sur les contrats d&rsquo;un an.<br \/>\nFrais de mise en place<br \/>\n&nbsp;<br \/>\nSolution d\u00e9di\u00e9e aussi disponible.<\/p>\n<p>Bient\u00f4t accessible, solution d&rsquo;archivage des courriels. Informez vous !<\/p>\n","protected":false},"excerpt":{"rendered":"<p>IntraSoft offre un service tr\u00e8s sophistiqu\u00e9 permettant d&rsquo;\u00e9liminer plus de 95% des pourriels et des virus. En utilisant des syst\u00e8mes mis \u00e0 jour plusieurs fois par jour, IntraSoft a d\u00e9velopp\u00e9 une expertise sans \u00e9gal dans la gestion des pourriels. Les solutions utilis\u00e9es sont bas\u00e9es sur des technologies commerciales de r\u00e9putation\u2026<\/p>\n<p> <a class=\"continue-reading-link\" href=\"https:\/\/solutionsintrasoft.com\/?page_id=36\"><span>Continue reading<\/span><i class=\"crycon-right-dir\"><\/i><\/a> <\/p>\n","protected":false},"author":1,"featured_media":0,"parent":0,"menu_order":0,"comment_status":"closed","ping_status":"open","template":"","meta":{"footnotes":""},"class_list":["post-36","page","type-page","status-publish","hentry"],"_links":{"self":[{"href":"https:\/\/solutionsintrasoft.com\/index.php?rest_route=\/wp\/v2\/pages\/36","targetHints":{"allow":["GET"]}}],"collection":[{"href":"https:\/\/solutionsintrasoft.com\/index.php?rest_route=\/wp\/v2\/pages"}],"about":[{"href":"https:\/\/solutionsintrasoft.com\/index.php?rest_route=\/wp\/v2\/types\/page"}],"author":[{"embeddable":true,"href":"https:\/\/solutionsintrasoft.com\/index.php?rest_route=\/wp\/v2\/users\/1"}],"replies":[{"embeddable":true,"href":"https:\/\/solutionsintrasoft.com\/index.php?rest_route=%2Fwp%2Fv2%2Fcomments&post=36"}],"version-history":[{"count":22,"href":"https:\/\/solutionsintrasoft.com\/index.php?rest_route=\/wp\/v2\/pages\/36\/revisions"}],"predecessor-version":[{"id":54,"href":"https:\/\/solutionsintrasoft.com\/index.php?rest_route=\/wp\/v2\/pages\/36\/revisions\/54"}],"wp:attachment":[{"href":"https:\/\/solutionsintrasoft.com\/index.php?rest_route=%2Fwp%2Fv2%2Fmedia&parent=36"}],"curies":[{"name":"wp","href":"https:\/\/api.w.org\/{rel}","templated":true}]}}