{"id":46,"date":"2014-10-17T15:27:04","date_gmt":"2014-10-17T20:27:04","guid":{"rendered":"http:\/\/solutionsintrasoft.com\/Wordpress\/?page_id=46"},"modified":"2014-10-29T12:52:16","modified_gmt":"2014-10-29T17:52:16","slug":"sauvegarde-de-donnees","status":"publish","type":"page","link":"https:\/\/solutionsintrasoft.com\/?page_id=46","title":{"rendered":"Sauvegarde de donn\u00e9es"},"content":{"rendered":"<p>Un des plus grands d\u00e9fis de toutes les soci\u00e9t\u00e9s et organismes se situe dans la sauvegarde de leurs donn\u00e9es. Comment avoir l\u2019esprit tranquille dans ce domaine ! Disques externes, bandes magn\u00e9tiques, cl\u00e9s USB, comment g\u00e9rer la rotation de ces derniers ! Un vrai casse-t\u00eate qui co\u00fbte temps et argent.<\/p>\n<p>Optez pour un syst\u00e8me fiable qui prot\u00e8ge vos donn\u00e9es automatiquement \u00e0 l&rsquo;ext\u00e9rieure de vos locaux. Une voute ou vos donn\u00e9es sont crypt\u00e9es et accessibles en tout temps que par vous m\u00eame.<\/p>\n<p style=\"text-align: center;\"><a class=\"fasc-button fasc-size-medium fasc-type-flat\" style=\"background-color: #4f1e8f; color: #ffffff;\" href=\"http:\/\/solutionsintrasoft.com\/Visual\/demoflashFR\/welcome.html\" data-fasc-style=\"background-color:#4f1e8f;color:#ffffff;\">Demo en ligne !<\/a><\/p>\n<p><strong>El\u00e9ments de sauvegarde :<\/strong><br \/>\n\u2666 Tous vos documents \u00e9lectroniques reli\u00e9s \u00e0 la bureautique<br \/>\net autres applications professionelles.<br \/>\n\u2666 Les fichiers en utilisation ( ex. Microsoft Outlook ).**<br \/>\n\u2666 Les bases de donn\u00e9es sp\u00e9cialis\u00e9s tel que SQL, MYSQL et Oracle. <object data=\"Visual\/logiciellogo.swf\" width=\"75\" height=\"75\" align=\"right\"><\/object><br \/>\n\u2666 Les serveurs de courriels d&rsquo;entreprises<br \/>\nMicrosoft Exchange &amp; Lotus Domino\/Notes.<br \/>\n\u2666 les fichiers d&rsquo;\u00e9tat des syst\u00e8me Windows ** ( SystemState ).<br \/>\n*utilisant la technologie de copie de volume fant\u00f4me<br \/>\nVoir: http:\/\/en.wikipedia.org\/wiki\/Shadow_Copy<\/p>\n<p><strong>Caract\u00e9ristiques principales :<\/strong><br \/>\n\u2666 Application &amp; interfaces web multilingues.<br \/>\n\u2666 Conservation de tous vos fichiers effac\u00e9s incluant les versions<br \/>\nanterieures d&rsquo;un m\u00eame fichier selon la politique de r\u00e9tention retenue.<br \/>\n\u2666 Rapport d\u00e9taill\u00e9 multilingue via courriel apr\u00e8s chaque sauvegarde.   <object data=\"Visual\/logo.swf\" width=\"75\" height=\"75\" align=\"right\"><\/object><br \/>\n\u2666 Sauvegarde diff\u00e9rentielle binaire des fichiers disponible ( InFile Delta )<br \/>\n\u2666 Restauration sur CD\/DVD ou media amovible (sur demande).<br \/>\n\u2666 Possibilit\u00e9 d\u2019exclure certain type de fichier : image, vid\u00e9o, musique, etc.<br \/>\n\u2666 Plateforme support\u00e9 : Windows, Mac, Linux, NetWare,<br \/>\nSolaris, AIX, HP-UX et FreeBSD.<\/p>\n<p>&nbsp;<\/p>\n<table style=\"width: 80%;\">\n<tbody>\n<tr>\n<th>\n<div align=\"center\">&#8211;<\/div>\n<\/th>\n<th>\n<div align=\"center\">Personnel<\/div>\n<\/th>\n<th>\n<div align=\"center\">Professionnel<\/div>\n<\/th>\n<\/tr>\n<tr>\n<td>\n<div align=\"center\">Espace(Go)<\/div>\n<\/td>\n<td>\n<div align=\"center\">Tarif mensuel<\/div>\n<\/td>\n<td>\n<div align=\"center\">Tarif mensuel<\/div>\n<\/td>\n<\/tr>\n<tr>\n<td>\n<div align=\"center\">0 &#8211; 5<\/div>\n<\/td>\n<td>\n<div align=\"center\">14,95$<\/div>\n<\/td>\n<td>\n<div align=\"center\">19,95$<\/div>\n<\/td>\n<\/tr>\n<tr>\n<td>\n<div align=\"center\">5 &#8211; 15<\/div>\n<\/td>\n<td>\n<div align=\"center\">24,95$<\/div>\n<\/td>\n<td>\n<div align=\"center\">29,95$<\/div>\n<\/td>\n<\/tr>\n<tr>\n<td>\n<div align=\"center\">15 &#8211; 30<\/div>\n<\/td>\n<td>\n<div align=\"center\">34,95$<\/div>\n<\/td>\n<td>\n<div align=\"center\">39,95$<\/div>\n<\/td>\n<\/tr>\n<tr>\n<td>\n<div align=\"center\">30 &#8211; 50<\/div>\n<\/td>\n<td>\n<div align=\"center\">39,95$<\/div>\n<\/td>\n<td>\n<div align=\"center\">44,95$<\/div>\n<\/td>\n<\/tr>\n<tr>\n<td>\n<div align=\"center\">50 &#8211; 75<\/div>\n<\/td>\n<td>\n<div align=\"center\">44,95$<\/div>\n<\/td>\n<td>\n<div align=\"center\">49,95$<\/div>\n<\/td>\n<\/tr>\n<tr>\n<td>\n<div align=\"center\">75 &#8211; 100<\/div>\n<\/td>\n<td>\n<div align=\"center\">49,95$<\/div>\n<\/td>\n<td>\n<div align=\"center\">54,95$<\/div>\n<\/td>\n<\/tr>\n<tr>\n<td>\n<div align=\"center\">100+<\/div>\n<\/td>\n<td>\n<div align=\"center\"><a href=\"http:\/\/solutionsintrasoft.com\/?page_id=14\">Contactez-Nous<\/a><\/div>\n<\/td>\n<td>\n<div align=\"center\"><a href=\"http:\/\/solutionsintrasoft.com\/?page_id=14\">Contactez-Nous<\/a><\/div>\n<\/td>\n<\/tr>\n<\/tbody>\n<\/table>\n<p>&nbsp;<\/p>\n<p><strong>Inclus dans le service personnel \/ PME<\/strong><br \/>\n\u2666 1 appel de service par an. (avec entente seulement)<br \/>\n\u2666 1 heure d&rsquo;assistance t\u00e9l\u00e9phonique gratuite lors de l&rsquo;installation (avec entente seulement)<br \/>\n\u2666 Alertes et rapports via courriel<\/p>\n<p><strong>Frais de mise en place service personnel<\/strong><br \/>\n\u2666 $75 sans engagement<br \/>\n\u2666 $45 avec engagement de 1 an<br \/>\n\u2666 Gratuit avec engagement de plus de 2 ans<\/p>\n<p><strong>Inclus dans le service professionnel<\/strong><br \/>\n\u2666 3 appels de service par an. (avec entente seulement)<br \/>\n\u2666 2 heures d&rsquo;assistance t\u00e9l\u00e9phonique gratuite lors de l&rsquo;installation (avec entente<br \/>\nseulement)<br \/>\n\u2666 Alertes et rapports via courriel<br \/>\n\u2666 Supervision par notre \u00e9quipe incluse<\/p>\n<p><strong>Frais de mise en place service professionnel<\/strong><br \/>\n\u2666 $150 sans engagement<br \/>\n\u2666 $100 avec engagement de 1 an<br \/>\n\u2666 Gratuit avec engagement de 2 ans et plus<\/p>\n<p><a href=\"http:\/\/solutionsintrasoft.com\/?page_id=120\">Essayez gratuitement<\/a> notre services pendant 30 jours ( 2 Go maximum )<\/p>\n","protected":false},"excerpt":{"rendered":"<p>Un des plus grands d\u00e9fis de toutes les soci\u00e9t\u00e9s et organismes se situe dans la sauvegarde de leurs donn\u00e9es. Comment avoir l\u2019esprit tranquille dans ce domaine ! Disques externes, bandes magn\u00e9tiques, cl\u00e9s USB, comment g\u00e9rer la rotation de ces derniers ! Un vrai casse-t\u00eate qui co\u00fbte temps et argent. Optez\u2026<\/p>\n<p> <a class=\"continue-reading-link\" href=\"https:\/\/solutionsintrasoft.com\/?page_id=46\"><span>Continue reading<\/span><i class=\"crycon-right-dir\"><\/i><\/a> <\/p>\n","protected":false},"author":1,"featured_media":0,"parent":0,"menu_order":0,"comment_status":"closed","ping_status":"open","template":"","meta":{"footnotes":""},"class_list":["post-46","page","type-page","status-publish","hentry"],"_links":{"self":[{"href":"https:\/\/solutionsintrasoft.com\/index.php?rest_route=\/wp\/v2\/pages\/46","targetHints":{"allow":["GET"]}}],"collection":[{"href":"https:\/\/solutionsintrasoft.com\/index.php?rest_route=\/wp\/v2\/pages"}],"about":[{"href":"https:\/\/solutionsintrasoft.com\/index.php?rest_route=\/wp\/v2\/types\/page"}],"author":[{"embeddable":true,"href":"https:\/\/solutionsintrasoft.com\/index.php?rest_route=\/wp\/v2\/users\/1"}],"replies":[{"embeddable":true,"href":"https:\/\/solutionsintrasoft.com\/index.php?rest_route=%2Fwp%2Fv2%2Fcomments&post=46"}],"version-history":[{"count":31,"href":"https:\/\/solutionsintrasoft.com\/index.php?rest_route=\/wp\/v2\/pages\/46\/revisions"}],"predecessor-version":[{"id":104,"href":"https:\/\/solutionsintrasoft.com\/index.php?rest_route=\/wp\/v2\/pages\/46\/revisions\/104"}],"wp:attachment":[{"href":"https:\/\/solutionsintrasoft.com\/index.php?rest_route=%2Fwp%2Fv2%2Fmedia&parent=46"}],"curies":[{"name":"wp","href":"https:\/\/api.w.org\/{rel}","templated":true}]}}